{"id":103,"date":"2022-08-25T18:43:34","date_gmt":"2022-08-25T16:43:34","guid":{"rendered":"https:\/\/www.woolinale.de\/?page_id=103"},"modified":"2022-09-13T16:17:25","modified_gmt":"2022-09-13T14:17:25","slug":"woolinale-team-2","status":"publish","type":"page","link":"https:\/\/www.woolinale.de\/?page_id=103&lang=de","title":{"rendered":"Woolinale Team"},"content":{"rendered":"\n<figure class=\"wp-block-image size-large\"><img loading=\"lazy\" decoding=\"async\" width=\"1024\" height=\"962\" src=\"https:\/\/www.woolinale.de\/wp-content\/uploads\/2022\/08\/WhatsApp-Image-2022-08-22-at-3.57.04-PM-1024x962.jpeg\" alt=\"\" class=\"wp-image-155\" srcset=\"https:\/\/www.woolinale.de\/wp-content\/uploads\/2022\/08\/WhatsApp-Image-2022-08-22-at-3.57.04-PM-1024x962.jpeg 1024w, https:\/\/www.woolinale.de\/wp-content\/uploads\/2022\/08\/WhatsApp-Image-2022-08-22-at-3.57.04-PM-300x282.jpeg 300w, https:\/\/www.woolinale.de\/wp-content\/uploads\/2022\/08\/WhatsApp-Image-2022-08-22-at-3.57.04-PM-768x721.jpeg 768w, https:\/\/www.woolinale.de\/wp-content\/uploads\/2022\/08\/WhatsApp-Image-2022-08-22-at-3.57.04-PM-1536x1443.jpeg 1536w, https:\/\/www.woolinale.de\/wp-content\/uploads\/2022\/08\/WhatsApp-Image-2022-08-22-at-3.57.04-PM-1568x1473.jpeg 1568w, https:\/\/www.woolinale.de\/wp-content\/uploads\/2022\/08\/WhatsApp-Image-2022-08-22-at-3.57.04-PM.jpeg 1644w\" sizes=\"auto, (max-width: 1024px) 100vw, 1024px\" \/><\/figure>\n\n\n\n<p>Stricken und H\u00e4keln begleiten uns seit Jahrhunderten. Kein Wunder, denn mit der eigenen Herstellung von w\u00e4rmender Kleidung aus Wolle hatte diese handwerkliche Tradition schon von Beginn an einen wesentlichen Beitrag geleistet, unsere Vorfahren vor K\u00e4lte zu sch\u00fctzen. Noch heute tragen wir gerne handgestrickte Bekleidung.<br><br>Doch neben dem unbestreitbaren Nutzen gibt es heute auch eine sich daraus entwickelte Kunst. Das Yarnbombing ist eine Art davon, ein Form der Stra\u00dfenkunst. <br><br>Wir, das Woolinale-Team, unterst\u00fctzen mit unserer Arbeit diese Kunstform, die vielf\u00e4ltige Art des Ausdrucks mit Wolle. Unser Ziel ist es, den Menschen das Yarnbombing n\u00e4her zu bringen, es zu verstehen und als gleichgestellte Kunst wie beispielsweise das Malen oder das Bildhauen zu akzeptieren.<\/p>\n\n\n\n<hr class=\"wp-block-separator has-text-color has-alpha-channel-opacity has-background is-style-dots\" style=\"background-color:#f8931f;color:#f8931f\"\/>\n\n\n<div class=\"wp-block-image is-style-rounded\">\n<figure class=\"alignleft size-large is-resized\"><img loading=\"lazy\" decoding=\"async\" src=\"https:\/\/www.woolinale.de\/wp-content\/uploads\/2022\/08\/elke-kopf-1-1019x1024.jpg\" alt=\"\" class=\"wp-image-128\" width=\"255\" height=\"256\" srcset=\"https:\/\/www.woolinale.de\/wp-content\/uploads\/2022\/08\/elke-kopf-1-1019x1024.jpg 1019w, https:\/\/www.woolinale.de\/wp-content\/uploads\/2022\/08\/elke-kopf-1-298x300.jpg 298w, https:\/\/www.woolinale.de\/wp-content\/uploads\/2022\/08\/elke-kopf-1-150x150.jpg 150w, https:\/\/www.woolinale.de\/wp-content\/uploads\/2022\/08\/elke-kopf-1-768x772.jpg 768w, https:\/\/www.woolinale.de\/wp-content\/uploads\/2022\/08\/elke-kopf-1-1528x1536.jpg 1528w, https:\/\/www.woolinale.de\/wp-content\/uploads\/2022\/08\/elke-kopf-1-1568x1576.jpg 1568w\" sizes=\"auto, (max-width: 255px) 100vw, 255px\" \/><\/figure>\n<\/div>\n\n\n<p><strong>Elke Hahn<\/strong><\/p>\n\n\n\n<p>Elke kommt urspr\u00fcnglich aus dem schw\u00e4bischen Esslingen. Als junge Frau zog es sie nach Italien.&nbsp;Hier lebte sie zwei Jahre und lernte das Land, die Leute, das Essen, die Kunst und die dortige wundersch\u00f6ne Wolle lieben. In Italien wurde das H\u00e4keln und Stricken zu ihrem Hobby Nr. 1. Nach Deutschland zur\u00fcckgekehrt h\u00e4kelte und strickte sie flei\u00dfig f\u00fcr sich und ihre Familie weiter.<\/p>\n\n\n\n<p>Vor einigen Jahren stolperte sie im Internet \u00fcber Fotos von einzigartigen Yarnbombings und war sofort Feuer und Flamme. Seither ist sie selbst begeisterte Yarnbomberin. Sie reist mit ihren kleinen und gro\u00dfen Projekten durch Deutschland, um in den verschiedensten St\u00e4dten ein Yarnbombing zu hinterlassen,&nbsp;um auf diese Art der Stra\u00dfenkunst aufmerksam zu machen und ein Statement zu setzen. Oft begleitet sie dabei die Presse und das TV.<\/p>\n\n\n\n<p>Sie durfte auch bereits&nbsp;bei Yarnbombing Festivals in Mailand, Rossiniere\/Schweiz und in Mexico-City ausstellen.<\/p>\n\n\n\n<p>Die Umsetzung eines Internationalen Yarnbombing Festivals in Deutschland war f\u00fcr sie von ihrer ersten Teilnahme am Yarnbombing Festival in Mailand ein Herzenswunsch, den sie nun zusammen mit Heike und David in die Tat umsetzt.<\/p>\n\n\n\n<hr class=\"wp-block-separator has-text-color has-alpha-channel-opacity has-background is-style-dots\" style=\"background-color:#29aae3;color:#29aae3\"\/>\n\n\n<div class=\"wp-block-image is-style-rounded\">\n<figure class=\"alignright size-large is-resized\"><img loading=\"lazy\" decoding=\"async\" src=\"https:\/\/www.woolinale.de\/wp-content\/uploads\/2022\/08\/heike-kopf-1-1024x1017.jpg\" alt=\"\" class=\"wp-image-129\" width=\"256\" height=\"254\" srcset=\"https:\/\/www.woolinale.de\/wp-content\/uploads\/2022\/08\/heike-kopf-1-1024x1017.jpg 1024w, https:\/\/www.woolinale.de\/wp-content\/uploads\/2022\/08\/heike-kopf-1-300x298.jpg 300w, https:\/\/www.woolinale.de\/wp-content\/uploads\/2022\/08\/heike-kopf-1-150x150.jpg 150w, https:\/\/www.woolinale.de\/wp-content\/uploads\/2022\/08\/heike-kopf-1-768x763.jpg 768w, https:\/\/www.woolinale.de\/wp-content\/uploads\/2022\/08\/heike-kopf-1-1536x1525.jpg 1536w, https:\/\/www.woolinale.de\/wp-content\/uploads\/2022\/08\/heike-kopf-1-1568x1557.jpg 1568w\" sizes=\"auto, (max-width: 256px) 100vw, 256px\" \/><\/figure>\n<\/div>\n\n\n<p class=\"has-text-align-right\"><strong>Heike Unger<\/strong><\/p>\n\n\n\n<p>F\u00fcr Heike Unger ist die Woolinale in K\u00f6ln auch eine R\u00fcckkehr zu den eigenen Wurzeln: Sie wurde in Koblenz geboren, zog dann in sehr jungen Jahren mit ihrer Familie nach Bayern, in die Oberpfalz, wo sie auch heute noch lebt und in Amberg nahe Regensburg als Redakteurin bei einer Regionalzeitung arbeitet.<br>Handarbeit war f\u00fcr Heike in der Schule ein einziger Albtraum: Stricken oder N\u00e4hen nach den Vorgaben der Lehrerin lie\u00dfen keinen Raum f\u00fcr Kreativit\u00e4t und wurden damit zum ungeliebten Pflichtfach.<br>Umso gr\u00f6\u00dfer wurde die Liebe zur Handarbeit, als diese \u201eFesseln\u201c wegfielen &#8211; Heike wurde zum Alles-mal-Ausprobierer, bewegt sich, stets neugierig auf bislang Unbekanntes aus dem kreativen Bereich, begeistert zwischen Nadelarbeit und Schnitzen, zwischen Modellieren und Upcycling. Ihre ganz gro\u00dfe Leidenschaft aber ist das Stricken &#8211; am liebsten ungew\u00f6hnlich, jenseits von Pulli und Schal.<br>Durch Elke und David landete #dieoberpfaelzerin dann beim H\u00e4keln, mit dem Yarnbombing-Projekt Wollkenkratzer in Frankfurt. Daraus entstanden weitere H\u00e4kelprojekte mit Elke, zuletzt die gemeinsame Teilnahme am Textilkunst-Festival in Rossini\u00e8re (Schweiz) und bei einem Yarnbombing-Festival in Mexiko.<\/p>\n\n\n\n<p><br>Mit der Woolinale wechselt Heike jetzt, wieder im Team mit Elke und David, die Seiten &#8211; vom Teilnehmer-Feld ins Orga-Team des ersten internationalen Yarnbombing-Festivals in Deutschland, der Woolinale in K\u00f6ln: Das ist schon jetzt eine ganz neue, fordernde, aber auch sehr spannende Aufgabe und er\u00f6ffnet wieder ganz neue Wege in der kreativen Welt.<\/p>\n\n\n\n<hr class=\"wp-block-separator has-text-color has-alpha-channel-opacity has-background is-style-dots\" style=\"background-color:#cb1583;color:#cb1583\"\/>\n\n\n<div class=\"wp-block-image is-style-rounded\">\n<figure class=\"alignleft size-large is-resized\"><img loading=\"lazy\" decoding=\"async\" src=\"https:\/\/www.woolinale.de\/wp-content\/uploads\/2022\/08\/david-kopf-1-918x1024.jpg\" alt=\"\" class=\"wp-image-130\" width=\"230\" height=\"256\" srcset=\"https:\/\/www.woolinale.de\/wp-content\/uploads\/2022\/08\/david-kopf-1-918x1024.jpg 918w, https:\/\/www.woolinale.de\/wp-content\/uploads\/2022\/08\/david-kopf-1-269x300.jpg 269w, https:\/\/www.woolinale.de\/wp-content\/uploads\/2022\/08\/david-kopf-1-768x857.jpg 768w, https:\/\/www.woolinale.de\/wp-content\/uploads\/2022\/08\/david-kopf-1-1377x1536.jpg 1377w, https:\/\/www.woolinale.de\/wp-content\/uploads\/2022\/08\/david-kopf-1-1568x1749.jpg 1568w\" sizes=\"auto, (max-width: 230px) 100vw, 230px\" \/><\/figure>\n<\/div>\n\n\n<p id=\"tw-target-text\"><strong>David Wasser<\/strong><\/p>\n\n\n\n<p id=\"tw-target-text\">David ist ein \u00fcber 60-j\u00e4hriger Stricker, der vor etwa 30 Jahren aus den USA nach Deutschland verpflanzt wurde. Als Softwareentwickler und Unternehmer widmet er seine begrenzte Freizeit vielen, vielen kreativen Hobbys wie Stricken, Spinnen, Weben, N\u00e4hen, Cosplay, Zaunbau, Gartenarbeit und Sanierung alter H\u00e4user.<\/p>\n\n\n\n<p id=\"tw-target-text\">Schon in jungen Jahren lernte er Stricken und H\u00e4keln und nach einer Handarbeitspause in seiner Jugend h\u00e4ngt er seit seinem 25. Lebensjahr an der Nadel. Vor allem von Kaffe Fassett inspiriert, verwendet David viele verschiedene Materialien, Farben und Muster in fast jedem Strickprojekt.<\/p>\n\n\n\n<p id=\"tw-target-text\">Seine Liebe zu Farbe, Textur und Chaos weckte sein Interesse am Yarnbombing und er sprang ins kalte Wasser, nachdem er Elke 2018 beim YarnCamp in Frankfurt getroffen hatte. Er und Elke beschlossen damals, ein sehr gro\u00dfes Yarnbombing-Projekt mit dem Titel \u201eWollkenkratzer \u201c, das im November 2019 enth\u00fcllt wurde und bis Ende August 2020 in der Frankfurter Altstadt ausgestellt war. Als Projektkoordinator f\u00fcr Wollkenkratzer wurde David vielen anderen Yarnbombing-Enthusiasten vorgestellt und zusammen gr\u00fcndeten sie die Yarn Gang, eine lose organisierte, bunt zusammengew\u00fcrfelte Crew aus begeisterten Yarnbombern aus ganz Deutschland.<\/p>\n\n\n\n<p id=\"tw-target-text\">Als Teil des Orga-Teams der Woolinale hat sich David mit Elke und Heike zusammengetan, um ein weiteres sehr gro\u00dfes Yarnbombingprojekt ins Leben zu rufen, in der Hoffnung, noch mehr  Menschen der Freude, Kraft, Farbe, Spontaneit\u00e4t und dem Handwerk des Yarnbombings bekannt zu machen.<\/p>\n\n\n\n<hr class=\"wp-block-separator has-text-color has-alpha-channel-opacity has-background is-style-dots\" style=\"background-color:#f8931f;color:#f8931f\"\/>\n","protected":false},"excerpt":{"rendered":"<p>Stricken und H\u00e4keln begleiten uns seit Jahrhunderten. Kein Wunder, denn mit der eigenen Herstellung von w\u00e4rmender Kleidung aus Wolle hatte diese handwerkliche Tradition schon von Beginn an einen wesentlichen Beitrag geleistet, unsere Vorfahren vor K\u00e4lte zu sch\u00fctzen. Noch heute tragen wir gerne handgestrickte Bekleidung. Doch neben dem unbestreitbaren Nutzen gibt es heute auch eine sich&hellip; <a class=\"more-link\" href=\"https:\/\/www.woolinale.de\/?page_id=103&#038;lang=de\">Continue reading <span class=\"screen-reader-text\">Woolinale Team<\/span><\/a><\/p>\n","protected":false},"author":1,"featured_media":0,"parent":0,"menu_order":0,"comment_status":"closed","ping_status":"closed","template":"","meta":{"ub_ctt_via":"","footnotes":""},"class_list":["post-103","page","type-page","status-publish","hentry","entry"],"featured_image_src":null,"_links":{"self":[{"href":"https:\/\/www.woolinale.de\/index.php?rest_route=\/wp\/v2\/pages\/103","targetHints":{"allow":["GET"]}}],"collection":[{"href":"https:\/\/www.woolinale.de\/index.php?rest_route=\/wp\/v2\/pages"}],"about":[{"href":"https:\/\/www.woolinale.de\/index.php?rest_route=\/wp\/v2\/types\/page"}],"author":[{"embeddable":true,"href":"https:\/\/www.woolinale.de\/index.php?rest_route=\/wp\/v2\/users\/1"}],"replies":[{"embeddable":true,"href":"https:\/\/www.woolinale.de\/index.php?rest_route=%2Fwp%2Fv2%2Fcomments&post=103"}],"version-history":[{"count":13,"href":"https:\/\/www.woolinale.de\/index.php?rest_route=\/wp\/v2\/pages\/103\/revisions"}],"predecessor-version":[{"id":355,"href":"https:\/\/www.woolinale.de\/index.php?rest_route=\/wp\/v2\/pages\/103\/revisions\/355"}],"wp:attachment":[{"href":"https:\/\/www.woolinale.de\/index.php?rest_route=%2Fwp%2Fv2%2Fmedia&parent=103"}],"curies":[{"name":"wp","href":"https:\/\/api.w.org\/{rel}","templated":true}]}}