{"id":469,"date":"2022-10-03T12:34:23","date_gmt":"2022-10-03T10:34:23","guid":{"rendered":"https:\/\/www.woolinale.de\/?page_id=469"},"modified":"2023-03-25T22:44:02","modified_gmt":"2023-03-25T21:44:02","slug":"sponsoren","status":"publish","type":"page","link":"https:\/\/www.woolinale.de\/?page_id=469&lang=de","title":{"rendered":"Sponsoren"},"content":{"rendered":"\n<p>Eine Veranstaltung verursacht Kosten. Eine Non-Profit-Veranstaltung wie die Woolinale, die keinerlei Eintrittsgelder oder andere Einnahmequellen generiert, braucht daher Partner, die genauso \u00fcberzeugt von der Idee und der Umsetzung des Events sind wie wir selbst.<\/p>\n\n\n\n<p>Wir freuen uns sehr, dass wir starke Sponsoren gefunden haben, die auf unsere Anfrage sofort begeistert zugesagt und damit die Woolinale erst m\u00f6glich gemacht haben.<\/p>\n\n\n\n<p>Wir bedanken uns bei allen Sponsoren herzlichst f\u00fcr die ideelle und finanzielle Unterst\u00fctzung, f\u00fcr die Bereitstellung der auszulobenden Preise und ein wundervolles Coworking.<\/p>\n\n\n\n<hr class=\"wp-block-separator has-text-color has-alpha-channel-opacity has-background is-style-dots\" style=\"background-color:#cb1583;color:#cb1583\"\/>\n\n\n<div class=\"wp-block-image\">\n<figure class=\"aligncenter size-full is-resized\"><a href=\"https:\/\/addi.de\" target=\"_blank\" rel=\"noreferrer noopener\"><img decoding=\"async\" src=\"https:\/\/www.woolinale.de\/wp-content\/uploads\/2022\/10\/01-Logo-addi-R-Germany_rgb-1.png\" alt=\"\" class=\"wp-image-485\" width=\"300\" srcset=\"https:\/\/www.woolinale.de\/wp-content\/uploads\/2022\/10\/01-Logo-addi-R-Germany_rgb-1.png 1012w, https:\/\/www.woolinale.de\/wp-content\/uploads\/2022\/10\/01-Logo-addi-R-Germany_rgb-1-300x136.png 300w, https:\/\/www.woolinale.de\/wp-content\/uploads\/2022\/10\/01-Logo-addi-R-Germany_rgb-1-768x348.png 768w\" sizes=\"(max-width: 1012px) 100vw, 1012px\" \/><\/a><\/figure>\n<\/div>\n\n\n<div style=\"height:1em\" aria-hidden=\"true\" class=\"wp-block-spacer\"><\/div>\n\n\n\n<p>Was gibt es Sch\u00f6neres als den Mitmenschen ein L\u00e4cheln ins Gesicht zu zaubern? Ganz einfach \u2013 den Menschen mit gestricktem und geh\u00e4keltem Graffiti ein L\u00e4cheln ins Gesicht zu zaubern.<\/p>\n\n\n\n<p>Und f\u00fcr einen Strick- und H\u00e4kelnadelhersteller aus Deutschland gibt es kaum etwas Sch\u00f6neres, als ein Projekt zu unterst\u00fctzen, das diese Kunst international in Szene setzt.<\/p>\n\n\n\n<p>addi w\u00fcnscht allen TeilnehmerInnen und BesucherInnen viel Freude an der Kunst und an der Begegnung w\u00e4hrend des 1. International YarnbombingFestivals in K\u00f6ln und den OrganisatorInnnen viele l\u00e4chelnde Gesichter.<\/p>\n\n\n\n<figure class=\"wp-block-embed is-type-video is-provider-youtube wp-block-embed-youtube wp-embed-aspect-16-9 wp-has-aspect-ratio\"><div class=\"wp-block-embed__wrapper\">\n<iframe loading=\"lazy\" title=\"addi Handarbeitsnadeln - Imagefilm 2022 \u2764\ufe0f\" width=\"750\" height=\"422\" src=\"https:\/\/www.youtube.com\/embed\/sNxolKPjJis?feature=oembed\" frameborder=\"0\" allow=\"accelerometer; autoplay; clipboard-write; encrypted-media; gyroscope; picture-in-picture; web-share\" allowfullscreen><\/iframe>\n<\/div><\/figure>\n\n\n\n<hr class=\"wp-block-separator has-text-color has-alpha-channel-opacity has-background is-style-dots\" style=\"background-color:#f8931f;color:#f8931f\"\/>\n\n\n\n<figure class=\"wp-block-image size-large\"><a href=\"https:\/\/schachenmayr.com\" target=\"_blank\" rel=\"noreferrer noopener\"><img loading=\"lazy\" decoding=\"async\" width=\"1024\" height=\"230\" src=\"https:\/\/www.woolinale.de\/wp-content\/uploads\/2022\/10\/Schachenmayr_new_Logo_1_RZ_RGB_300dpi-1-1024x230.jpg\" alt=\"\" class=\"wp-image-487\" srcset=\"https:\/\/www.woolinale.de\/wp-content\/uploads\/2022\/10\/Schachenmayr_new_Logo_1_RZ_RGB_300dpi-1-1024x230.jpg 1024w, https:\/\/www.woolinale.de\/wp-content\/uploads\/2022\/10\/Schachenmayr_new_Logo_1_RZ_RGB_300dpi-1-300x67.jpg 300w, https:\/\/www.woolinale.de\/wp-content\/uploads\/2022\/10\/Schachenmayr_new_Logo_1_RZ_RGB_300dpi-1-768x173.jpg 768w, https:\/\/www.woolinale.de\/wp-content\/uploads\/2022\/10\/Schachenmayr_new_Logo_1_RZ_RGB_300dpi-1.jpg 1188w\" sizes=\"auto, (max-width: 1024px) 100vw, 1024px\" \/><\/a><\/figure>\n\n\n\n<p>Dank langj\u00e4hriger Erfahrung und der damit verwurzelten Geschichte voller Innovationen gelingt es der Marke Schachenmayr, Handarbeitsfans vielf\u00e4ltig zu unterst\u00fctzen und zu inspirieren. Das umfassende und zeitgem\u00e4\u00dfe Produktsortiment sorgf\u00e4ltig ausgew\u00e4hlter Qualit\u00e4tsgarne sowie die zahlreichen trendigen Strick- und H\u00e4kel-Modelle erm\u00f6glichen Menschen auf der ganzen Welt, ihre kreativen Ideen in die Tat umzusetzen. Vom klassischen Design bis zu aktuellen Modetrends: Das Angebot h\u00e4lt f\u00fcr jeden Anlass und Geschmack etwas bereit und begeistert Anf\u00e4nger:innen und Fortgeschrittene gleicherma\u00dfen.<\/p>\n\n\n\n<hr class=\"wp-block-separator has-text-color has-alpha-channel-opacity has-background is-style-dots\" style=\"background-color:#f8931f;color:#f8931f\"\/>\n\n\n\n<figure class=\"wp-block-image size-full is-resized\"><a href=\"https:\/\/www.topp-kreativ.de\/\" target=\"_blank\" rel=\"noreferrer noopener\"><img loading=\"lazy\" decoding=\"async\" src=\"https:\/\/www.woolinale.de\/wp-content\/uploads\/2023\/01\/TOPP-LOGO-Vektor-Neu-2015-300dpi-1.png\" alt=\"\" class=\"wp-image-567\" width=\"114\" height=\"322\" srcset=\"https:\/\/www.woolinale.de\/wp-content\/uploads\/2023\/01\/TOPP-LOGO-Vektor-Neu-2015-300dpi-1.png 228w, https:\/\/www.woolinale.de\/wp-content\/uploads\/2023\/01\/TOPP-LOGO-Vektor-Neu-2015-300dpi-1-106x300.png 106w\" sizes=\"auto, (max-width: 114px) 100vw, 114px\" \/><\/a><\/figure>\n\n\n\n<p><strong>Der Verlag und seine Geschichte<\/strong><\/p>\n\n\n\n<p>\u00bbFreizeit ist viel zu kostbar, um sie zu vergeuden!\u00ab Unter diesem Motto gr\u00fcndete Eugen A. Krauss 1955 den frechverlag und legte somit den Grundstein f\u00fcr die beliebten TOPP-B\u00fccher, die f\u00fcr Kreativit\u00e4t und DIY-Trends stehen. Mit seinen innovativen Ideen und seinem Gesp\u00fcr f\u00fcr die neuesten Themen ist der frechverlag nicht nur der zweitgr\u00f6\u00dfte Ratgeberverlag in Deutschland, sondern auch Marktf\u00fchrer im Bereich der kreativen Ratgeber.<\/p>\n\n\n\n<p><strong>Programm<\/strong><\/p>\n\n\n\n<p>Das vielseitige Programm des frechverlags zeichnet sich unter den Labeln TOPP und BusseSeewald aus. Durch seine innovativen Titel in den Bereichen KinderKreativ, Handarbeiten, Kreativ Wohnen &amp; Leben, Backen, R\u00e4tseln &amp; Spielen sowie Malen &amp; Zeichnen deckt er alle wichtigen Kreativthemen ab. Durch seine langj\u00e4hrige Erfahrung als Ratgeberverlag im Kreativmarkt, dem st\u00e4ndigen Ideenreichtum der Autoren und Mitarbeiter sowie den gut aufbereiteten Themen, sichert sich der frechverlag mit \u00fcber 1.000 lieferbaren Titeln einen festen Platz auf dem Kreativmarkt.<\/p>\n\n\n\n<hr class=\"wp-block-separator has-text-color has-alpha-channel-opacity has-background is-style-dots\" style=\"background-color:#29aae3;color:#29aae3\"\/>\n\n\n\n<figure class=\"wp-block-image size-full is-resized\"><a href=\"https:\/\/www.hh-cologne.de\/\" target=\"_blank\" rel=\"noreferrer noopener\"><img decoding=\"async\" src=\"https:\/\/www.woolinale.de\/wp-content\/uploads\/2022\/10\/logo-hhcologne-1.png\" alt=\"\" class=\"wp-image-516\" width=\"300\" srcset=\"https:\/\/www.woolinale.de\/wp-content\/uploads\/2022\/10\/logo-hhcologne-1.png 400w, https:\/\/www.woolinale.de\/wp-content\/uploads\/2022\/10\/logo-hhcologne-1-300x300.png 300w, https:\/\/www.woolinale.de\/wp-content\/uploads\/2022\/10\/logo-hhcologne-1-150x150.png 150w\" sizes=\"(max-width: 400px) 100vw, 400px\" \/><\/a><\/figure>\n\n\n\n<p><strong>h+h cologne: Der internationale Business-Treffpunkt f\u00fcr die textile Handarbeitsbranche<\/strong><\/p>\n\n\n\n<p>Vom 31.03\u201302.04.2023 ist es wieder soweit: auf dem K\u00f6lner Messegel\u00e4nde kommen Fachhandelsbesucher aus aller Welt zusammen, um sich auf der h+h cologne \u00fcber die neuesten Trends der textilen Handarbeitsbranche zu informieren. Als weltweit gr\u00f6\u00dfte Orderplattform dieser Art pr\u00e4sentiert die Messe ihren Fachbesuchern aus aller Welt ein umfassendes Spektrum an Innovationen rund ums N\u00e4hen, H\u00e4keln, Stricken, Sticken und Basteln.<\/p>\n\n\n\n<p>Der internationale Fachhandel profitiert in K\u00f6ln zudem von einem hochkar\u00e4tigen und fachlich anspruchsvollen Eventprogramm: Die Angebote der h+h cologne orientieren sich dabei konsequent an den Bed\u00fcrfnissen des Fachhandels und warten mit kreativen Impulsen und Konzepten f\u00fcrs Handarbeitsbusiness auf. Sie reichen von der Eventfl\u00e4che \u201emy lovely livingroom\u201c mit Diskussionsrunden, Talksofa und Trendtalks bis hin zu zahlreichen Kreativworkshops zur Unterst\u00fctzung des eigenen Gesch\u00e4ftserfolgs.<\/p>\n\n\n\n<p>Trends und Neuheiten sind ebenfalls Programm auf der Weltleitmesse f\u00fcr Handarbeit &amp; Hobby: So pr\u00e4sentiert die gro\u00dfe Trendmodenschau der Mitglieder der Initiative Handarbeit auf dem Laufsteg mehrmals t\u00e4glich Top-Design und ist damit immer wieder der absolute Besuchermagnet der h+h cologne.<\/p>\n\n\n\n<hr class=\"wp-block-separator has-text-color has-alpha-channel-opacity has-background is-style-dots\" style=\"background-color:#cb1583;color:#cb1583\"\/>\n","protected":false},"excerpt":{"rendered":"<p>Eine Veranstaltung verursacht Kosten. Eine Non-Profit-Veranstaltung wie die Woolinale, die keinerlei Eintrittsgelder oder andere Einnahmequellen generiert, braucht daher Partner, die genauso \u00fcberzeugt von der Idee und der Umsetzung des Events sind wie wir selbst. Wir freuen uns sehr, dass wir starke Sponsoren gefunden haben, die auf unsere Anfrage sofort begeistert zugesagt und damit die Woolinale&hellip; <a class=\"more-link\" href=\"https:\/\/www.woolinale.de\/?page_id=469&#038;lang=de\">Continue reading <span class=\"screen-reader-text\">Sponsoren<\/span><\/a><\/p>\n","protected":false},"author":1,"featured_media":0,"parent":0,"menu_order":0,"comment_status":"closed","ping_status":"closed","template":"","meta":{"ub_ctt_via":"","footnotes":""},"class_list":["post-469","page","type-page","status-publish","hentry","entry"],"featured_image_src":null,"_links":{"self":[{"href":"https:\/\/www.woolinale.de\/index.php?rest_route=\/wp\/v2\/pages\/469","targetHints":{"allow":["GET"]}}],"collection":[{"href":"https:\/\/www.woolinale.de\/index.php?rest_route=\/wp\/v2\/pages"}],"about":[{"href":"https:\/\/www.woolinale.de\/index.php?rest_route=\/wp\/v2\/types\/page"}],"author":[{"embeddable":true,"href":"https:\/\/www.woolinale.de\/index.php?rest_route=\/wp\/v2\/users\/1"}],"replies":[{"embeddable":true,"href":"https:\/\/www.woolinale.de\/index.php?rest_route=%2Fwp%2Fv2%2Fcomments&post=469"}],"version-history":[{"count":19,"href":"https:\/\/www.woolinale.de\/index.php?rest_route=\/wp\/v2\/pages\/469\/revisions"}],"predecessor-version":[{"id":922,"href":"https:\/\/www.woolinale.de\/index.php?rest_route=\/wp\/v2\/pages\/469\/revisions\/922"}],"wp:attachment":[{"href":"https:\/\/www.woolinale.de\/index.php?rest_route=%2Fwp%2Fv2%2Fmedia&parent=469"}],"curies":[{"name":"wp","href":"https:\/\/api.w.org\/{rel}","templated":true}]}}