{"id":599,"date":"2023-03-07T19:54:56","date_gmt":"2023-03-07T18:54:56","guid":{"rendered":"https:\/\/www.woolinale.de\/?page_id=599"},"modified":"2023-03-07T20:20:07","modified_gmt":"2023-03-07T19:20:07","slug":"wooli-powered-by-addi","status":"publish","type":"page","link":"https:\/\/www.woolinale.de\/?page_id=599&lang=de","title":{"rendered":"Wooli &#8211; powered by addi"},"content":{"rendered":"\n<p>Hollywood hat seine Oscars und die Musikwelt ihre Grammys. H\u00f6chste Zeit, dass die Yarnbombing-Szene auch ihre eigene Auszeichnung bekommt: Auf der Woolinale in K\u00f6ln, Deutschlands erstem internationalem Yarnbombing-Festival (31. M\u00e4rz bis 2. April 2023), gibt es nicht nur eine internationale Yarnbombing-Kunst-Ausstellung mit Wettbewerb, sondern auch zum ersten Mal \u00fcberhaupt in der internationalen Yarnbombing-Szene einen Award. Das Woolinale-Team hat&nbsp;den passenden Preis entworfen und ihn mit Unterst\u00fctzung des&nbsp;wunderbaren Sponsors <a href=\"https:\/\/www.addi.de\" target=\"_blank\" rel=\"noreferrer noopener\">addi &#8211; Gustav Selter GmbH &amp; Co. KG<\/a> auch Wirklichkeit werden lassen.&nbsp;<\/p>\n\n\n\n<p>Wir sind stolz und freuen uns sehr, Euch den weltweit allerersten Yarnbombing Award&nbsp;vorstellen zu d\u00fcrfen. Hier ist er! Der <strong>Wooli &#8211; powered by addi!<\/strong><\/p>\n\n\n\n<figure class=\"wp-block-image size-full\"><img loading=\"lazy\" decoding=\"async\" width=\"863\" height=\"879\" src=\"https:\/\/www.woolinale.de\/wp-content\/uploads\/2023\/03\/wooli-white-bg.png\" alt=\"\" class=\"wp-image-614\" srcset=\"https:\/\/www.woolinale.de\/wp-content\/uploads\/2023\/03\/wooli-white-bg.png 863w, https:\/\/www.woolinale.de\/wp-content\/uploads\/2023\/03\/wooli-white-bg-295x300.png 295w, https:\/\/www.woolinale.de\/wp-content\/uploads\/2023\/03\/wooli-white-bg-768x782.png 768w\" sizes=\"auto, (max-width: 863px) 100vw, 863px\" \/><\/figure>\n\n\n\n<p>Unser gl\u00e4serner <strong>Wooli<\/strong> ist ein freches Wollkn\u00e4uel mit Armen und Beinen, er z\u00fcckt stolz &#8220;das&#8221; Werkzeug (fast) aller Yarnbomber, die H\u00e4kelnadel, und ist dazu auch noch ein echter &#8220;Kracher&#8221; &#8211; sein H\u00fctchen mit Z\u00fcndschnur und Flamme macht ihn zu einer Yarnbomb, die vor Kreativit\u00e4t Funken spr\u00fcht. Eigentlich w\u00fcrden wir das pfiffige Kerlchen am liebsten behalten &#8211; aber er geht an den K\u00fcnstler, der den Wettbewerb f\u00fcr sich entscheiden kann. Bis zur n\u00e4chsten Woolinale: Dann soll der <strong>Wooli<\/strong> als Wander-Troph\u00e4e den n\u00e4chsten Woolinale-Sieger ein Jahr lang w\u00fcrdigen. &nbsp;&nbsp;&nbsp;<\/p>\n","protected":false},"excerpt":{"rendered":"<p>Hollywood hat seine Oscars und die Musikwelt ihre Grammys. H\u00f6chste Zeit, dass die Yarnbombing-Szene auch ihre eigene Auszeichnung bekommt: Auf der Woolinale in K\u00f6ln, Deutschlands erstem internationalem Yarnbombing-Festival (31. M\u00e4rz bis 2. April 2023), gibt es nicht nur eine internationale Yarnbombing-Kunst-Ausstellung mit Wettbewerb, sondern auch zum ersten Mal \u00fcberhaupt in der internationalen Yarnbombing-Szene einen Award.&hellip; <a class=\"more-link\" href=\"https:\/\/www.woolinale.de\/?page_id=599&#038;lang=de\">Continue reading <span class=\"screen-reader-text\">Wooli &#8211; powered by addi<\/span><\/a><\/p>\n","protected":false},"author":1,"featured_media":0,"parent":0,"menu_order":0,"comment_status":"closed","ping_status":"closed","template":"","meta":{"ub_ctt_via":"","footnotes":""},"class_list":["post-599","page","type-page","status-publish","hentry","entry"],"featured_image_src":null,"_links":{"self":[{"href":"https:\/\/www.woolinale.de\/index.php?rest_route=\/wp\/v2\/pages\/599","targetHints":{"allow":["GET"]}}],"collection":[{"href":"https:\/\/www.woolinale.de\/index.php?rest_route=\/wp\/v2\/pages"}],"about":[{"href":"https:\/\/www.woolinale.de\/index.php?rest_route=\/wp\/v2\/types\/page"}],"author":[{"embeddable":true,"href":"https:\/\/www.woolinale.de\/index.php?rest_route=\/wp\/v2\/users\/1"}],"replies":[{"embeddable":true,"href":"https:\/\/www.woolinale.de\/index.php?rest_route=%2Fwp%2Fv2%2Fcomments&post=599"}],"version-history":[{"count":5,"href":"https:\/\/www.woolinale.de\/index.php?rest_route=\/wp\/v2\/pages\/599\/revisions"}],"predecessor-version":[{"id":615,"href":"https:\/\/www.woolinale.de\/index.php?rest_route=\/wp\/v2\/pages\/599\/revisions\/615"}],"wp:attachment":[{"href":"https:\/\/www.woolinale.de\/index.php?rest_route=%2Fwp%2Fv2%2Fmedia&parent=599"}],"curies":[{"name":"wp","href":"https:\/\/api.w.org\/{rel}","templated":true}]}}