{"id":61,"date":"2022-08-25T15:25:08","date_gmt":"2022-08-25T13:25:08","guid":{"rendered":"https:\/\/www.woolinale.de\/?page_id=61"},"modified":"2023-01-15T18:46:59","modified_gmt":"2023-01-15T17:46:59","slug":"gemeinschaftsprojekt","status":"publish","type":"page","link":"https:\/\/www.woolinale.de\/?page_id=61&lang=de","title":{"rendered":"Mitmachprojekt &#8220;Peace&#8221;"},"content":{"rendered":"\n<figure class=\"wp-block-image size-full is-style-twentytwentyone-image-frame\"><img loading=\"lazy\" decoding=\"async\" width=\"640\" height=\"480\" src=\"https:\/\/www.woolinale.de\/wp-content\/uploads\/2022\/08\/woolinale-peace.jpg\" alt=\"\" class=\"wp-image-87\" srcset=\"https:\/\/www.woolinale.de\/wp-content\/uploads\/2022\/08\/woolinale-peace.jpg 640w, https:\/\/www.woolinale.de\/wp-content\/uploads\/2022\/08\/woolinale-peace-300x225.jpg 300w\" sizes=\"auto, (max-width: 640px) 100vw, 640px\" \/><\/figure>\n\n\n<div class=\"wp-block-image\">\n<figure class=\"alignright size-large is-resized\"><img decoding=\"async\" src=\"https:\/\/www.woolinale.de\/wp-content\/uploads\/2022\/09\/Peace-Bild-1-lowres-1024x768.jpg\" alt=\"\" class=\"wp-image-390\" width=\"200\" srcset=\"https:\/\/www.woolinale.de\/wp-content\/uploads\/2022\/09\/Peace-Bild-1-lowres-1024x768.jpg 1024w, https:\/\/www.woolinale.de\/wp-content\/uploads\/2022\/09\/Peace-Bild-1-lowres-300x225.jpg 300w, https:\/\/www.woolinale.de\/wp-content\/uploads\/2022\/09\/Peace-Bild-1-lowres-768x576.jpg 768w, https:\/\/www.woolinale.de\/wp-content\/uploads\/2022\/09\/Peace-Bild-1-lowres-1536x1152.jpg 1536w, https:\/\/www.woolinale.de\/wp-content\/uploads\/2022\/09\/Peace-Bild-1-lowres-2048x1536.jpg 2048w, https:\/\/www.woolinale.de\/wp-content\/uploads\/2022\/09\/Peace-Bild-1-lowres-1568x1176.jpg 1568w\" sizes=\"(max-width: 1024px) 100vw, 1024px\" \/><\/figure>\n<\/div>\n\n\n<p>Parallel zur gro\u00dfen K\u00fcnstlerausstellung bietet die Woolinale noch das Mitmachprojekt \u201ePEACE\u201c an.<br>Die Handarbeits-Gemeinschaft bildet ein un\u00fcbersehbares Zeichen f\u00fcr den Frieden \u2013 und du kannst dabei sein, in dem du bunte PEACE-Zeichen h\u00e4kelst oder strickst.<br>Wir sammeln sie und f\u00fcgen sie die zu einem gro\u00dfen Gemeinschaftswerk zusammen, das w\u00e4hrend des Yarnbombing Festivals der \u00d6ffentlichkeit pr\u00e4sentiert wird.<\/p>\n\n\n<div class=\"wp-block-image\">\n<figure class=\"alignleft size-full is-resized\"><img decoding=\"async\" src=\"https:\/\/www.woolinale.de\/wp-content\/uploads\/woolinale\/Heike Bilder\/Anleitungen\/Bilder Peace rund\/IMG_2078.jpg\" alt=\"\" class=\"wp-image-377\" width=\"200\"\/><\/figure>\n<\/div>\n\n\n<p>Alle Namen der Teilnehmer des Mitmachprojektes werden auf einer Namenswand neben dem kollektiven Friedenswerk ver\u00f6ffentlicht. Solltest du dies nicht w\u00fcnschen, sag uns bitte Bescheid.<br>Au\u00dferdem werden unter allen Teilnehmern tolle Preise verlost (Rechtsweg ausgeschlossen).<\/p>\n\n\n\n<p>Ach und \u00fcbrigens: solltest du ganz eigene Ideen zum Thema PEACE haben freuen wir uns sehr auf deine Eigenkreation, bei der du deiner Fantasie freien Lauf lassen kannst.<\/p>\n\n\n<div class=\"wp-block-image\">\n<figure class=\"alignleft size-full is-resized\"><img decoding=\"async\" src=\"https:\/\/www.woolinale.de\/wp-content\/uploads\/woolinale\/Elke Bilder\/Peace Eigenkreationen\/flower peace.jpg\" alt=\"\" class=\"wp-image-368\" width=\"250\"\/><figcaption class=\"wp-element-caption\">Beispielfoto<\/figcaption><\/figure>\n<\/div>\n\n<div class=\"wp-block-image is-style-default\">\n<figure class=\"alignright size-full is-resized\"><img decoding=\"async\" src=\"https:\/\/www.woolinale.de\/wp-content\/uploads\/woolinale\/Elke Bilder\/Peace Eigenkreationen\/rainbowpeace.jpg\" alt=\"\" class=\"wp-image-369\" width=\"250\"\/><figcaption class=\"wp-element-caption\">Beispielfoto<\/figcaption><\/figure>\n<\/div>\n\n<div class=\"wp-block-image\">\n<figure class=\"alignleft size-full is-resized\"><img decoding=\"async\" src=\"https:\/\/www.woolinale.de\/wp-content\/uploads\/woolinale\/Elke Bilder\/Peace Eigenkreationen\/sunflower peace.jpg\" alt=\"\" class=\"wp-image-370\" width=\"250\"\/><figcaption class=\"wp-element-caption\">Beispielfoto<\/figcaption><\/figure>\n<\/div>\n\n<div class=\"wp-block-image\">\n<figure class=\"alignright size-full is-resized\"><img decoding=\"async\" src=\"https:\/\/www.woolinale.de\/wp-content\/uploads\/woolinale\/Elke Bilder\/Peace Eigenkreationen\/Bully.jpg\" alt=\"\" class=\"wp-image-367\" width=\"250\"\/><figcaption class=\"wp-element-caption\">Beispielfoto<\/figcaption><\/figure>\n<\/div>\n\n\n<div style=\"height:1px\" aria-hidden=\"true\" class=\"wp-block-spacer\"><\/div>\n\n\n<div class=\"wp-block-image\">\n<figure class=\"alignright size-full is-resized\"><img decoding=\"async\" src=\"https:\/\/www.woolinale.de\/wp-content\/uploads\/woolinale\/Heike Bilder\/Anleitungen\/Bilder Hand\/Hand Bild 8 2.JPG\" alt=\"\" class=\"wp-image-376\" width=\"200\"\/><\/figure>\n<\/div>\n\n\n<p>Schicke Deinen fertigen PEACE-Beitrag mit Namens- und Adressenangabe bitte bis zum 28. Februar 2023 an folgende Adresse:<\/p>\n\n\n\n<p><strong>Elke Hahn<br>Untuchtstr. 1<br>70771 Leinfelden-Echterdingen<\/strong><\/p>\n\n\n\n<p>Bei Fragen schreib uns einfach eine Mail an <a href=\"mailto:team@woolinale.de\">team@woolinale.de<\/a>. Wir freuen uns sehr auf deine Einsendung.<\/p>\n\n\n\n<hr class=\"wp-block-separator has-text-color has-alpha-channel-opacity has-background is-style-dots\" style=\"background-color:#c31583;color:#c31583\"\/>\n\n\n\n<p>Wer mitmachen m\u00f6chte, findet hier Anleitungen und Video-Tutorials f\u00fcr geh\u00e4kelte und gestrickte Friedens-Symbole zum Nacharbeiten. <\/p>\n\n\n\n<div style=\"height:1px\" aria-hidden=\"true\" class=\"wp-block-spacer\"><\/div>\n\n\n\n<div data-wp-interactive=\"core\/file\" class=\"wp-block-file\"><object data-wp-bind--hidden=\"!state.hasPdfPreview\" hidden class=\"wp-block-file__embed\" data=\"https:\/\/www.woolinale.de\/wp-content\/uploads\/woolinale\/Webseite Anleitungen\/Heike Anleitungen pdf\/Anleitung Peace\/Anleitung Peace rund final.pdf\" type=\"application\/pdf\" style=\"width:100%;height:600px\" aria-label=\"Embed of Anleitung Peace-Zeichen.\"><\/object><a id=\"wp-block-file--media-2f882aea-f8d3-4c3e-b5f0-0f87e6f899fe\" href=\"https:\/\/www.woolinale.de\/wp-content\/uploads\/woolinale\/Webseite Anleitungen\/Heike Anleitungen pdf\/Anleitung Peace\/Anleitung Peace rund final.pdf\" target=\"_blank\" rel=\"noreferrer noopener\">Anleitung Peace-Zeichen<\/a><a href=\"https:\/\/www.woolinale.de\/wp-content\/uploads\/woolinale\/Webseite Anleitungen\/Heike Anleitungen pdf\/Anleitung Peace\/Anleitung Peace rund final.pdf\" class=\"wp-block-file__button wp-element-button\" download aria-describedby=\"wp-block-file--media-2f882aea-f8d3-4c3e-b5f0-0f87e6f899fe\">Download<\/a><\/div>\n\n\n\n<figure class=\"wp-block-embed is-type-video is-provider-youtube wp-block-embed-youtube wp-embed-aspect-16-9 wp-has-aspect-ratio\"><div class=\"wp-block-embed__wrapper\">\n<iframe loading=\"lazy\" title=\"Peace Zeichen - H\u00e4kelanleitung (Deutsch)\" width=\"750\" height=\"422\" src=\"https:\/\/www.youtube.com\/embed\/L9jmZfa5iCQ?feature=oembed\" frameborder=\"0\" allow=\"accelerometer; autoplay; clipboard-write; encrypted-media; gyroscope; picture-in-picture\" allowfullscreen><\/iframe>\n<\/div><\/figure>\n\n\n\n<div data-wp-interactive=\"core\/file\" class=\"wp-block-file\"><object data-wp-bind--hidden=\"!state.hasPdfPreview\" hidden class=\"wp-block-file__embed\" data=\"https:\/\/www.woolinale.de\/wp-content\/uploads\/woolinale\/Webseite Anleitungen\/Heike Anleitungen pdf\/Anleitung Peace\/Anleitung final Peace-Zeichen gestrickt.pdf\" type=\"application\/pdf\" style=\"width:100%;height:600px\" aria-label=\"Embed of Anleitung Peace-Zeichen gestrickt.\"><\/object><a id=\"wp-block-file--media-f11a0ed8-7c99-40ea-bd36-7ffd49739a4e\" href=\"https:\/\/www.woolinale.de\/wp-content\/uploads\/woolinale\/Webseite Anleitungen\/Heike Anleitungen pdf\/Anleitung Peace\/Anleitung final Peace-Zeichen gestrickt.pdf\" target=\"_blank\" rel=\"noreferrer noopener\">Anleitung Peace-Zeichen gestrickt<\/a><a href=\"https:\/\/www.woolinale.de\/wp-content\/uploads\/woolinale\/Webseite Anleitungen\/Heike Anleitungen pdf\/Anleitung Peace\/Anleitung final Peace-Zeichen gestrickt.pdf\" class=\"wp-block-file__button wp-element-button\" download aria-describedby=\"wp-block-file--media-f11a0ed8-7c99-40ea-bd36-7ffd49739a4e\">Download<\/a><\/div>\n\n\n\n<div data-wp-interactive=\"core\/file\" class=\"wp-block-file\"><object data-wp-bind--hidden=\"!state.hasPdfPreview\" hidden class=\"wp-block-file__embed\" data=\"https:\/\/www.woolinale.de\/wp-content\/uploads\/woolinale\/Webseite Anleitungen\/Heike Anleitungen pdf\/Anleitung Hand\/Geh\u00e4kelte Hand deutsch.pdf\" type=\"application\/pdf\" style=\"width:100%;height:600px\" aria-label=\"Embed of Geh\u00e4kelte Hand deutsch.\"><\/object><a id=\"wp-block-file--media-5374a5eb-cc83-4346-a133-6e52ada26fbc\" href=\"https:\/\/www.woolinale.de\/wp-content\/uploads\/woolinale\/Webseite Anleitungen\/Heike Anleitungen pdf\/Anleitung Hand\/Geh\u00e4kelte Hand deutsch.pdf\" target=\"_blank\" rel=\"noreferrer noopener\">Geh\u00e4kelte Hand deutsch<\/a><a href=\"https:\/\/www.woolinale.de\/wp-content\/uploads\/woolinale\/Webseite Anleitungen\/Heike Anleitungen pdf\/Anleitung Hand\/Geh\u00e4kelte Hand deutsch.pdf\" class=\"wp-block-file__button wp-element-button\" download aria-describedby=\"wp-block-file--media-5374a5eb-cc83-4346-a133-6e52ada26fbc\">Download<\/a><\/div>\n","protected":false},"excerpt":{"rendered":"<p>Parallel zur gro\u00dfen K\u00fcnstlerausstellung bietet die Woolinale noch das Mitmachprojekt \u201ePEACE\u201c an.Die Handarbeits-Gemeinschaft bildet ein un\u00fcbersehbares Zeichen f\u00fcr den Frieden \u2013 und du kannst dabei sein, in dem du bunte PEACE-Zeichen h\u00e4kelst oder strickst.Wir sammeln sie und f\u00fcgen sie die zu einem gro\u00dfen Gemeinschaftswerk zusammen, das w\u00e4hrend des Yarnbombing Festivals der \u00d6ffentlichkeit pr\u00e4sentiert wird. Alle&hellip; <a class=\"more-link\" href=\"https:\/\/www.woolinale.de\/?page_id=61&#038;lang=de\">Continue reading <span class=\"screen-reader-text\">Mitmachprojekt &#8220;Peace&#8221;<\/span><\/a><\/p>\n","protected":false},"author":1,"featured_media":0,"parent":0,"menu_order":0,"comment_status":"closed","ping_status":"closed","template":"","meta":{"ub_ctt_via":"","footnotes":""},"class_list":["post-61","page","type-page","status-publish","hentry","entry"],"featured_image_src":null,"_links":{"self":[{"href":"https:\/\/www.woolinale.de\/index.php?rest_route=\/wp\/v2\/pages\/61","targetHints":{"allow":["GET"]}}],"collection":[{"href":"https:\/\/www.woolinale.de\/index.php?rest_route=\/wp\/v2\/pages"}],"about":[{"href":"https:\/\/www.woolinale.de\/index.php?rest_route=\/wp\/v2\/types\/page"}],"author":[{"embeddable":true,"href":"https:\/\/www.woolinale.de\/index.php?rest_route=\/wp\/v2\/users\/1"}],"replies":[{"embeddable":true,"href":"https:\/\/www.woolinale.de\/index.php?rest_route=%2Fwp%2Fv2%2Fcomments&post=61"}],"version-history":[{"count":14,"href":"https:\/\/www.woolinale.de\/index.php?rest_route=\/wp\/v2\/pages\/61\/revisions"}],"predecessor-version":[{"id":572,"href":"https:\/\/www.woolinale.de\/index.php?rest_route=\/wp\/v2\/pages\/61\/revisions\/572"}],"wp:attachment":[{"href":"https:\/\/www.woolinale.de\/index.php?rest_route=%2Fwp%2Fv2%2Fmedia&parent=61"}],"curies":[{"name":"wp","href":"https:\/\/api.w.org\/{rel}","templated":true}]}}