{"id":74,"date":"2022-08-25T15:49:17","date_gmt":"2022-08-25T13:49:17","guid":{"rendered":"https:\/\/www.woolinale.de\/?page_id=74"},"modified":"2022-09-17T17:35:57","modified_gmt":"2022-09-17T15:35:57","slug":"uber","status":"publish","type":"page","link":"https:\/\/www.woolinale.de\/?page_id=74&lang=de","title":{"rendered":"Woolinale"},"content":{"rendered":"\n<p>Lange musste Deutschland warten, doch jetzt kommt es: das erste Internationale Yarnbombing Festival, die Woolinale!<\/p>\n\n\n\n<p>Wir transportieren die alten Traditionen des H\u00e4kelns und Strickens vom heimischen Sofa in die \u00d6ffentlichkeit. Das passiert mit Hilfe der neuen Kunstform, dem Yarnbombing, einer Art der Stra\u00dfenkunst.<\/p>\n\n\n\n<p>Yarnbomber schaffen Kunstwerke f\u00fcr den \u00f6ffentlichen Raum \u2013 oft mit viel Humor, als origineller Hingucker, h\u00e4ufig aber auch als Statement, verbunden mit einem Anliegen, das auf diesem ungew\u00f6hnlichen Weg transportiert wird und deshalb gro\u00dfe Aufmerksamkeit erregt.<\/p>\n\n\n\n<p>Vom 31.M\u00e4rz bis 2.April 2023 werden Yarnbombing K\u00fcnstler aus aller Welt auf dem K\u00f6lner Messegel\u00e4nde w\u00e4hrend der h+h cologne, der Weltleitmesse der Handarbeitsbranche, im Au\u00dfen- und Innenbereich ihre geh\u00e4kelten oder gestrickten Kunstwerke ausstellen. Von gro\u00df bis klein, in 2D oder 3D, kunterbunt oder schwarz\/ wei\u00df, im traditionellen Stil oder \u00fcberraschend und modern, geh\u00e4kelte oder gestrickte Bilder &#8211; pr\u00e4sentiert auf industriellen Bauz\u00e4unen oder edlen Atriumrahmen &#8211; &#8230; all das erwartet die Besucher auf dem Au\u00dfenbereich und der Eingangshalle des Eingangs S\u00fcd der koelnmesse. So k\u00f6nnen auch die Interessierten, die keinen Zutritt zur Fachmesse h+h bekommen, die Kunstwerke betrachten.<\/p>\n\n\n\n<p>Die Vorbereitungen laufen auf Hochtouren: Das Woolinale- Team ruft \u00fcber sein Netzwerk und die sozialen Medien Yarn-K\u00fcnstler aus der ganzen Welt zur Teilnahme auf. Einige von ihnen werden pers\u00f6nlich eingeladen, andere haben bis 15. Oktober 2022 die M\u00f6glichkeit, sich f\u00fcr die Teilnahme zu bewerben, indem sie ihre Werke mit den Hashtags <strong>#woolinale<\/strong> oder <strong>#hhcologne<\/strong> in den sozialen Medien posten.<\/p>\n\n\n\n<p>Zusagen gibt es bereits von K\u00fcnstler aus Brasilien, \u00d6sterreich, der Schweiz, Italien, Polen, Frankreich, Finnland, Gro\u00dfbritannien, Spanien, den USA, Australien, Mexiko und Deutschland.<\/p>\n\n\n\n<p>Um neben den ausgew\u00e4hlten K\u00fcnstlern, die an der Woolinale teil nehmen, auch m\u00f6glichst vielen anderen H\u00e4kel- und Strickbegeisterten die M\u00f6glichkeit zu geben, dabei zu sein, gibt es zur Woolinale in K\u00f6ln auch ein gro\u00dfes kreative Gemeinschaftsprojekt zum Thema \u201ePeace\u201c: Hier kann wirklich jeder teilnehmen, der ein bisschen h\u00e4keln und\/oder stricken kann und zusammen mit anderen aus der gro\u00dfen, weltweiten Handarbeits-Community ein \u00f6ffentliches Zeichen f\u00fcr den Frieden setzen m\u00f6chte.<\/p>\n","protected":false},"excerpt":{"rendered":"<p>Lange musste Deutschland warten, doch jetzt kommt es: das erste Internationale Yarnbombing Festival, die Woolinale! Wir transportieren die alten Traditionen des H\u00e4kelns und Strickens vom heimischen Sofa in die \u00d6ffentlichkeit. Das passiert mit Hilfe der neuen Kunstform, dem Yarnbombing, einer Art der Stra\u00dfenkunst. Yarnbomber schaffen Kunstwerke f\u00fcr den \u00f6ffentlichen Raum \u2013 oft mit viel Humor,&hellip; <a class=\"more-link\" href=\"https:\/\/www.woolinale.de\/?page_id=74&#038;lang=de\">Continue reading <span class=\"screen-reader-text\">Woolinale<\/span><\/a><\/p>\n","protected":false},"author":1,"featured_media":0,"parent":0,"menu_order":0,"comment_status":"closed","ping_status":"closed","template":"","meta":{"ub_ctt_via":"","footnotes":""},"class_list":["post-74","page","type-page","status-publish","hentry","entry"],"featured_image_src":null,"_links":{"self":[{"href":"https:\/\/www.woolinale.de\/index.php?rest_route=\/wp\/v2\/pages\/74","targetHints":{"allow":["GET"]}}],"collection":[{"href":"https:\/\/www.woolinale.de\/index.php?rest_route=\/wp\/v2\/pages"}],"about":[{"href":"https:\/\/www.woolinale.de\/index.php?rest_route=\/wp\/v2\/types\/page"}],"author":[{"embeddable":true,"href":"https:\/\/www.woolinale.de\/index.php?rest_route=\/wp\/v2\/users\/1"}],"replies":[{"embeddable":true,"href":"https:\/\/www.woolinale.de\/index.php?rest_route=%2Fwp%2Fv2%2Fcomments&post=74"}],"version-history":[{"count":9,"href":"https:\/\/www.woolinale.de\/index.php?rest_route=\/wp\/v2\/pages\/74\/revisions"}],"predecessor-version":[{"id":428,"href":"https:\/\/www.woolinale.de\/index.php?rest_route=\/wp\/v2\/pages\/74\/revisions\/428"}],"wp:attachment":[{"href":"https:\/\/www.woolinale.de\/index.php?rest_route=%2Fwp%2Fv2%2Fmedia&parent=74"}],"curies":[{"name":"wp","href":"https:\/\/api.w.org\/{rel}","templated":true}]}}